{"id":479,"date":"2015-06-01T13:51:52","date_gmt":"2015-06-01T11:51:52","guid":{"rendered":"http:\/\/circoloippicoacquasanta.it\/?page_id=479"},"modified":"2016-05-05T18:38:09","modified_gmt":"2016-05-05T16:38:09","slug":"informativa-estesa-cookie-policy","status":"publish","type":"page","link":"https:\/\/circoloippicoacquasanta.it\/?page_id=479","title":{"rendered":"Informativa estesa Cookie Policy"},"content":{"rendered":"<p>Utilizziamo i cookie per rendere il nostro sito pi\u00f9 facile ed intuitivo. I dati raccolti grazie ai cookie servono per rendere l&#8217;esperienza di navigazione pi\u00f9 piacevole e pi\u00f9 efficiente in futuro.<\/p>\n<p><strong>Cosa sono i cookie?<\/strong><br \/>\nI cookie sono piccoli file di testo inviati dal sito al terminale dell\u2019interessato (solitamente al browser), dove vengono memorizzati per essere poi ritrasmessi al sito alla successiva visita del medesimo utente. Un cookie non pu\u00f2 richiamare nessun altro dato dal disco fisso dell\u2019utente n\u00e9 trasmettere virus informatici o acquisire indirizzi email. Ogni cookie \u00e8 unico per il web browser dell\u2019utente. Alcune delle funzioni dei cookie possono essere demandate ad altre tecnologie. Nel presente documento con il termine \u2018cookie\u2019 si vuol far riferimento sia ai cookie, propriamente detti, sia a tutte le tecnologie similari.<\/p>\n<p><strong>Tipologia dei cookie<\/strong><br \/>\nI cookie possono essere di prima o di terza parte, dove per &#8220;prima parte&#8221; si intendono i cookie che riportano come dominio il sito, mentre per &#8220;terza parte&#8221; si intendono i cookie che sono relativi a domini esterni.<\/p>\n<p>I cookie di terza parte sono necessariamente installati da un soggetto esterno, sempre definito come &#8220;terza parte&#8221;, non gestito dal sito. Tali soggetti possono eventualmente installare anche cookie di prima parte, salvando sul dominio del sito i propri cookie.<\/p>\n<p>Un altro tipo di cookie sono i cosiddetti &#8220;Flash Cookie&#8221; (Local Shared Objects), utilizzati all&#8217;interno di Adobe Flash Player per erogare alcuni contenuti, come video clip o animazioni, in modo da ricordare le impostazioni e preferenze. I Flash cookie sono archiviati sul dispositivo, ma sono gestiti attraverso un\u2019interfaccia differente rispetto a quella fornita dal browser utilizzato.<\/p>\n<p><strong>Natura dei cookie<\/strong><br \/>\nRelativamente alla natura dei cookie, ne esistono di diversi tipi:<\/p>\n<p><strong>Cookie tecnici<\/strong><br \/>\nI cookie tecnici sono quelli utilizzati al solo fine di &#8220;effettuare la trasmissione di una comunicazione su una rete di comunicazione elettronica, o nella misura strettamente necessaria al fornitore di un servizio della societ\u00e0 dell&#8217;informazione esplicitamente richiesto dall&#8217;abbonato o dall&#8217;utente a erogare tale servizio&#8221; (cfr. art. 122, comma 1, del Codice).<\/p>\n<p>Essi non vengono utilizzati per scopi ulteriori e sono normalmente installati direttamente dal titolare o gestore del sito web. Possono essere suddivisi in:<br \/>\n\u2022 cookie di navigazione o di sessione, che garantiscono la normale navigazione e fruizione del sito web (permettendo, ad esempio, di realizzare un acquisto o autenticarsi per accedere ad aree riservate); essi sono di fatto necessari per il corretto funzionamento del sito;<br \/>\n\u2022 cookie analytics, assimilati ai cookie tecnici laddove utilizzati direttamente dal gestore del sito per raccogliere informazioni, in forma aggregata, sul numero degli utenti e su come questi visitano il sito stesso, al fine di migliorare le performance del sito;<br \/>\n\u2022 cookie di funzionalit\u00e0, che permettono all&#8217;utente la navigazione in funzione di una serie di criteri selezionati (ad esempio, la lingua, i prodotti selezionati per l&#8217;acquisto) al fine di migliorare il servizio reso allo stesso. Per l&#8217;installazione di tali cookie non \u00e8 richiesto il preventivo consenso degli utenti (pi\u00f9 informazioni nel paragrafo Gestione dei cookie in basso).<\/p>\n<p><strong>Cookie di profilazione<\/strong><br \/>\nI cookie di profilazione sono volti a creare profili relativi all&#8217;utente e vengono utilizzati al fine di inviare messaggi pubblicitari in linea con le preferenze manifestate dallo stesso nell&#8217;ambito della navigazione in rete.<\/p>\n<p>In caso di cookie di terze parti, il sito non ha un controllo diretto dei singoli cookie e non pu\u00f2 controllarli (non pu\u00f2 n\u00e9 installarli direttamente n\u00e9 cancellarli). Puoi comunque gestire questi cookie attraverso le impostazioni del browser (segui le istruzioni riportate pi\u00f9 avanti), o i siti indicati nella sezione &#8220;Gestione dei cookie&#8221;.<\/p>\n<p><strong>Cookie installati su questo sito<\/strong><\/p>\n<p>Ecco l&#8217;elenco dei cookie presenti su questo sito. I cookie di terze parti presentano il collegamento all&#8217;informativa della privacy del relativo fornitore esterno, dove \u00e8 possibile trovare una dettagliata descrizione dei singoli cookie e del trattamento che ne viene fatto.<\/p>\n<blockquote><p><strong>Cookie di sistema<br \/>\n<\/strong>Il sito utilizza cookie per garantire all&#8217;utente una migliore esperienza di navigazione; tali cookie sono indispensabili per la fruizione corretta del sito. Puoi disabilitare questi cookie dal browser seguendo le indicazioni nel paragrafo dedicato, ma comprometterai la tua esperienza sul sito e non potremo rispondere dei malfunzionamenti.<\/p>\n<p><strong>WordPress<\/strong><br \/>\nQuesto sito utilizzaz\u00a0WordPress, pertanto usa i cookie al fine di una migliore navigazione dei visitatori.<br \/>\nPer avere maggiori informazioni sui cookie usati nei siti\u00a0sviluppati su piattaforma WP, si suggerisce di consultare la pagina ufficiale raggiungibile cliccando <a title=\"QUI\" href=\"http:\/\/codex.wordpress.org\/WordPress_Cookies\" target=\"_blank\">QUI<\/a><\/p>\n<p><strong>Akismet<\/strong><br \/>\nAkismet\u00a0\u00e8 necessario a proteggere dallo SPAM le pagine di questo sito e viene fornito da Automattic Inc.\u00a0USA \u2013<a href=\"http:\/\/automattic.com\/privacy\/\" target=\"_blank\" rel=\"nofollow\">Privacy Policy<\/a><\/p>\n<p><strong>Facebook<\/strong><br \/>\n<span style=\"line-height: 1.5;\">Facebook utilizza cookie per offrire all&#8217;utente funzionalit\u00e0 di condivisione e di \u201clike\u201d sulla propria bacheca. Per maggiori informazioni, consultare la pagina https:\/\/www.facebook.com\/about\/privacy\u00a0<\/span><\/p>\n<p><strong>Facebook Comment<\/strong><br \/>\nE&#8217; un applicazione attraverso la quale gli utenti possono commentare i contenuti di questo sito utilizzando il proprio account Facebook.<br \/>\nPer maggiori informazioni, consultare la pagina https:\/\/www.facebook.com\/about\/privacy<\/p>\n<p><strong>Twitter<\/strong><br \/>\nTwitter utilizza cookie per offrire all&#8217;utente funzionalit\u00e0 di condivisione sulla propria bacheca.<br \/>\nPer maggiori informazioni, consultare le pagine: https:\/\/support.twitter.com\/articles\/20170519-uso-dei-cookie-e-di-altre-tecnologie-simili-da-parte-di-twitter e https:\/\/twitter.com\/privacy?lang=it<\/p>\n<p><strong>Google+<\/strong><br \/>\nGoogle+ utilizza cookie per offrire all&#8217;utente funzionalit\u00e0 di condivisione sulla propria bacheca.<br \/>\nPer maggiori informazioni, consultare la pagina http:\/\/www.google.com\/policies\/technologies\/cookies\/<\/p>\n<p><strong>Jetpack<\/strong><br \/>\nJetpack \u00e8 un plugin di WordPress che per alcune sue funzionalit\u00e0 (come commenti, statistiche e form di contatto) utilizza i cookies.<br \/>\nInformazioni dettagliate sono disponibili qui\u00a0http:\/\/automattic.com\/privacy\/<\/p>\n<p><strong>Pinterest<\/strong><br \/>\nPinterest utilizza cookie per offrire all&#8217;utente funzionalit\u00e0 di condivisione sulla propria bacheca.<br \/>\nPer maggiori informazioni, consultare la pagina https:\/\/about.pinterest.com\/it\/privacy-policy<\/p>\n<p><strong>Statcounter<\/strong><br \/>\nQuesto sito utilizza un servizio di analisi web, fornito da StatCounter, che impiega dei cookies che permettono al gestore del sito l&#8217;analisi dell&#8217;uso che gli utenti fanno del sito stesso (ai fini del miglioramento del sito stesso). Le informazioni generate dai cookies sull\u2019utilizzo del sito web da parte degli utenti (compreso il vostro indirizzo IP) verranno trasmesse a, e depositate presso, i server di StatCounter negli Stati Uniti. StatCounter utilizzer\u00e0 queste informazioni allo scopo di tracciare ed esaminare in forma anonima ed aggregata l&#8217;utilizzo del nostro sito da parte dei navigatori e compilare report sulle attivit\u00e0 del sito web. StatCounter pu\u00f2 anche trasferire queste informazioni a terzi ove ci\u00f2 sia imposto dalla legge o laddove tali terzi trattino le suddette informazioni per conto di StatCounter. L&#8217;utente pu\u00f2 rifiutarsi di usare i cookies selezionando l\u2019impostazione appropriata sul suo browser, ma questo potrebbe impedirgli di utilizzare tutte le funzionalit\u00e0 di questo sito. Utilizzando il nostro sito voi acconsentite al trattamento dei vostri dati da parte di StatCounter per le modalit\u00e0 e i fini sopraindicati. Ulteriori informazioni sono disponibili qui\u00a0https:\/\/statcounter.com\/about\/cookies\/<\/p>\n<p><strong>Elenco dei cookie di profilazione presenti sul sito<\/strong><\/p>\n<p><strong>Google AdSense (Google Inc.)<\/strong><br \/>\nGoogle AdSense \u00e8 un servizio di advertising fornito da Google Inc. Questo servizio usa il Cookie \u201cDoubleclick\u201d, che traccia l\u2019utilizzo di questo Spazio Web ed il comportamento dell\u2019Utente in relazione agli annunci pubblicitari, ai prodotti e ai servizi offerti.<br \/>\nL\u2019Utente pu\u00f2 decidere in qualsiasi momento di non usare il Cookie Doubleclick provvedendo alla sua disattivazione: <a href=\"http:\/\/google.com\/settings\/ads\/onweb\/optout?hl=it\" target=\"_blank\">google.com\/settings\/ads\/onweb\/optout?hl=it<\/a>.<br \/>\nDati personali raccolti: Cookie e Dati di utilizzo.\u00a0Luogo del trattamento : USA \u2013 <a href=\"http:\/\/google.com\/privacy\/ads\/\" target=\"_blank\">Privacy Policy<br \/>\n<\/a>Maggiori informazioni, anche in relazione alle modalit\u00e0 con le quali poter disattivare detti cookie, reperibili al seguente link: http:\/\/www.google.com\/policies\/technologies\/ads\/<\/p>\n<p><strong>Google Analytics (Google Inc.)<\/strong><br \/>\nGoogle Analytics \u00e8 un servizio di analisi web fornito da Google Inc. (\u201cGoogle\u201d). Google utilizza i Dati Personali raccolti allo scopo di tracciare ed esaminare l\u2019utilizzo di questo Spazio Web, compilare report e condividerli con gli altri servizi sviluppati da Google.<br \/>\nGoogle potrebbe utilizzare i Dati Personali per contestualizzare e personalizzare gli annunci del proprio network pubblicitario.<br \/>\nDati personali raccolti: Cookie e Dati di utilizzo.\u00a0Luogo del trattamento : USA \u2013 <a href=\"http:\/\/www.google.com\/intl\/it\/policies\/privacy\/\" target=\"_blank\">Privacy Policy<\/a> \u2013 <a href=\"http:\/\/tools.google.com\/dlpage\/gaoptout?hl=it\" target=\"_blank\">Opt Out<\/a><\/p>\n<p><strong>Widget Video Youtube (Google Inc.)<\/strong><br \/>\nYoutube \u00e8 un servizio di visualizzazione di contenuti video gestito da Google Inc. che permette a questo Spazio Web di integrare tali contenuti all\u2019interno delle proprie pagine.<br \/>\nDati personali raccolti: Cookie e Dati di utilizzo.\u00a0Luogo del trattamento : USA \u2013 <a href=\"http:\/\/www.google.it\/intl\/it\/policies\/privacy\/\" target=\"_blank\">Privacy Policy<\/a><\/p><\/blockquote>\n<p><strong>Durata dei cookie<\/strong><br \/>\nI cookie hanno una durata dettata dalla data di scadenza (o da un&#8217;azione specifica come la chiusura del browser) impostata al momento dell&#8217;installazione.<br \/>\nI cookie possono essere:<br \/>\n\u2022 temporanei o di sessione (session cookie): sono utilizzati per archiviare informazioni temporanee, consentono di collegare le azioni eseguite durante una sessione specifica e vengono rimossi dal computer alla chiusura del browser;<br \/>\n\u2022 permanenti (persistent cookie): sono utilizzati per archiviare informazioni, ad esempio il nome e la password di accesso, in modo da evitare che l&#8217;utente debba digitarli nuovamente ogni volta che visita un sito specifico. Questi rimangono memorizzati nel computer anche dopo aver chiuso il browser.<\/p>\n<p><strong>Ruolo del titolare come erogatore di servizi pubblicitari<\/strong><br \/>\nIl Titolare informa che gli strumenti elencati nelle sezioni del presente documento che riguardano il trattamento per fini pubblicitari e di tracciamento degli Utenti, sono utilizzati anche nel caso in cui il Titolare operi come fornitore di servizi pubblicitari verso terze parti.<br \/>\nAl Titolare, inoltre, potrebbe essere richiesto di installare codici di tracciamento relativi a servizi pubblicitari su spazi web anche non direttamente gestiti dal richiedente ma facenti comunque parte del network del Titolare, per permettere al cliente di tenere traccia dell\u2019andamento di una specifica campagna pubblicitaria.<br \/>\nLa durata di tale attivit\u00e0 di tracciamento \u00e8 variabile e pu\u00f2 essere anche limitata a pochi giorni o settimane, il che rende impossibile la pubblicazione di una lista costantemente aggiornata nel presente documento.<br \/>\nPertanto, per ottenere ulteriori informazioni ed aggiornamenti in merito, si consiglia all\u2019Utente di contattare il Titolare alle informazioni di contatto contenute nel presente documento.<\/p>\n<p><strong>Utilizzo da parte di minori<br \/>\n<\/strong>Gli Utenti dichiarano di essere maggiorenni secondo la legislazione loro applicabile. I minorenni possono utilizzare questo Spazio Web solo con l\u2019assistenza di un genitore o di un tutore.<\/p>\n<p><strong>Come posso controllare l&#8217;installazione di Cookie?<br \/>\n<\/strong>In aggiunta a quanto indicato in questo documento, l&#8217;Utente pu\u00f2 gestire le preferenze relative ai Cookie direttamente all&#8217;interno del proprio browser ed impedire \u2013 ad esempio \u2013 che terze parti possano installarne. Tramite le preferenze del browser \u00e8 inoltre possibile eliminare i Cookie installati in passato, incluso il Cookie in cui venga eventualmente salvato il consenso all&#8217;installazione di Cookie da parte di questo sito. \u00c8 importante notare che disabilitando tutti i Cookie, il funzionamento di questo sito potrebbe essere compromesso. Puoi trovare informazioni su come gestire i Cookie nel tuo browser ai seguenti indirizzi: <a href=\"https:\/\/support.google.com\/chrome\/answer\/95647?hl=en&amp;p=cpn_cookies\" target=\"_blank\">Google Chrome<\/a>, <a href=\"https:\/\/support.mozilla.org\/it\/kb\/Attivare%20e%20disattivare%20i%20cookie?redirectlocale=en-US&amp;redirectslug=Enabling+and+disabling+cookies\" target=\"_blank\">Mozilla Firefox<\/a>, <a href=\"https:\/\/support.apple.com\/kb\/PH19214?viewlocale=it_IT&amp;locale=en_US\" target=\"_blank\">Apple Safari<\/a> and <a href=\"http:\/\/windows.microsoft.com\/it-it\/windows-vista\/block-or-allow-cookies\" target=\"_blank\">Microsoft Windows Explorer<\/a>.<\/p>\n<p>In caso di servizi erogati da terze parti, l&#8217;Utente pu\u00f2 inoltre esercitare il proprio diritto ad opporsi al tracciamento informandosi tramite la privacy policy della terza parte, tramite il link di opt out se esplicitamente fornito nella presente Cookie policy o contattando direttamente la stessa.<\/p>\n<p>Fermo restando quanto precede, il Titolare informa che l\u2019Utente pu\u00f2 avvalersi di <a href=\"http:\/\/www.youronlinechoices.com\/\" target=\"_blank\">Your Online Choices<\/a>. Attraverso tale servizio \u00e8 possibile gestire le preferenze di tracciamento della maggior parte degli strumenti pubblicitari. Il Titolare, pertanto, consiglia agli Utenti di utilizzare tale risorsa in aggiunta alle informazioni fornite dal presente documento.<\/p>\n<p><strong>Titolare del Trattamento dei Dati<\/strong><br \/>\nSaverio Riotto, Circolo Ippico Acquasanta \u2013 via Vallericcia, Roma<br \/>\ninfo@circoloippicoacquasanta.it<\/p>\n<p>Dal momento che l&#8217;installazione di Cookie e di altri sistemi di tracciamento operata da terze parti tramite i servizi utilizzati all&#8217;interno di questo Spazio Web non pu\u00f2 essere tecnicamente controllata dal Titolare, ogni riferimento specifico a Cookie e sistemi di tracciamento installati da terze parti \u00e8 da considerarsi indicativo. Per ottenere informazioni complete, consulta la privacy policy degli eventuali servizi terzi elencati in questo documento.<\/p>\n<p>Vista l&#8217;oggettiva complessit\u00e0 legata all&#8217;identificazione delle tecnologie basate sui Cookie ed alla loro integrazione molto stretta con il funzionamento del web, l&#8217;Utente \u00e8 invitato a contattare il Titolare qualora volesse ricevere qualunque approfondimento relativo all&#8217;utilizzo dei Cookie stessi e ad eventuali utilizzi degli stessi \u2013 ad esempio ad opera di terzi \u2013 effettuati tramite questo sito.<\/p>\n<p>Il presente documento si riferisce a tutti gli spazi online (siti, piattaforme, strumenti internet, etc) di propriet\u00e0 del Titolare, cos\u00ec come meglio individuati al momento della definizione di Spazio Web nel paragrafo \u201cUtilizzo dei Cookie da parte del sito\u201d. Per ottenere ulteriori informazioni in merito agli strumenti relativi ad uno specifico sito, l\u2019Utente \u00e8 pregato di contattare il Titolare ai riferimenti forniti nel presente documento.<\/p>\n<p><strong>Aggiornamento della presente Cookie policy<\/strong><br \/>\nLa presente Cookie policy \u00e8 stata aggiornata il 31\u00a0maggio 2015. Eventuali aggiornamenti saranno sempre pubblicati a questo link.<\/p>\n<p>Se vuoi saperne di pi\u00f9, puoi consultare i seguenti siti:<\/p>\n<p>\u2022 http:\/\/www.youronlinechoices.com\/<br \/>\n\u2022 http:\/\/www.allaboutcookies.org\/<br \/>\n\u2022 https:\/\/www.cookiechoices.org\/<br \/>\n\u2022 http:\/\/www.garanteprivacy.it\/web\/guest\/home\/docweb\/-\/docweb-display\/docweb\/3118884<\/p>\n<p><strong>Come disabilitare\/cancellare i cookie mediante configurazione del browser<\/strong><br \/>\n<strong>Chrome<\/strong><br \/>\n1. Eseguire il Browser Chrome<br \/>\n2. Fare click sul men\u00f9 presente nella barra degli strumenti del browser a fianco della finestra di inserimento url per la navigazione<br \/>\n3. Selezionare Impostazioni<br \/>\n4. Fare clic su Mostra Impostazioni Avanzate<br \/>\n5. Nella sezione \u201cPrivacy\u201d fare clic su bottone \u201cImpostazioni contenuti\u201c<br \/>\n6. Nella sezione \u201cCookie\u201d \u00e8 possibile modificare le seguenti impostazioni relative ai cookie:<br \/>\n\u2022 Consentire il salvataggio dei dati in locale<br \/>\n\u2022 Modificare i dati locali solo fino alla chiusura del browser<br \/>\n\u2022 Impedire ai siti di impostare i cookie<br \/>\n\u2022 Bloccare i cookie di terze parti e i dati dei siti<br \/>\n\u2022 Gestire le eccezioni per alcuni siti internet<br \/>\n\u2022 Eliminare uno o tutti i cookie<br \/>\nPer maggiori informazioni visita la pagina dedicata.<\/p>\n<p><strong>Mozilla Firefox<\/strong><br \/>\n1. Eseguire il Browser Mozilla Firefox<br \/>\n2. Fare click sul men\u00f9 presente nella barra degli strumenti del browser a fianco della finestra di inserimento url per la navigazione<br \/>\n3. Selezionare Opzioni<br \/>\n4. Selezionare il pannello Privacy<br \/>\n5. Fare clic su Mostra Impostazioni Avanzate<br \/>\n6. Nella sezione \u201cPrivacy\u201d fare clic su bottone \u201cImpostazioni contenuti\u201c<br \/>\n7. Nella sezione \u201cTracciamento\u201d \u00e8 possibile modificare le seguenti impostazioni relative ai cookie:<br \/>\n\u2022 Richiedi ai siti di non effettuare alcun tracciamento<br \/>\n\u2022 Comunica ai siti la disponibilit\u00e0 ad essere tracciato<br \/>\n\u2022 Non comunicare alcuna preferenza relativa al tracciamento dei dati personali<br \/>\n8. Dalla sezione \u201cCronologia\u201d \u00e8 possibile:<br \/>\n\u2022 Abilitando \u201cUtilizza impostazioni personalizzate\u201d selezionare di accettare i cookie di terze parti (sempre, dai siti pi\u00f9 visitato o mai) e di conservarli per un periodo determinato (fino alla loro scadenza, alla chiusura di Firefox o di chiedere ogni volta)<br \/>\n\u2022 Rimuovere i singoli cookie immagazzinati.<br \/>\nPer maggiori informazioni visita la pagina dedicata.<\/p>\n<p><strong>Internet Explorer<\/strong><br \/>\n1. Eseguire il Browser Internet Explorer<br \/>\n2. Fare click sul pulsante Strumenti e scegliere Opzioni Internet<br \/>\n3. Fare click sulla scheda Privacy e, nella sezione Impostazioni, modificare il dispositivo di scorrimento in funzione dell\u2019azione desiderata per i cookie:<br \/>\n\u2022 Bloccare tutti i cookie<br \/>\n\u2022 Consentire tutti i cookie<br \/>\n\u2022 Selezionare i siti da cui ottenere cookie: spostare il cursore in una posizione intermedia in modo da non bloccare o consentire tutti i cookie, premere quindi su Siti, nella casella Indirizzo Sito Web inserire un sito internet e quindi premere su Blocca o Consenti.<br \/>\nPer maggiori informazioni visita la pagina dedicata.<\/p>\n<p><strong>Safari 6<\/strong><br \/>\n1. Eseguire il Browser Safari<br \/>\n2. Fare click su Safari, selezionare Preferenze e premere su Privacy<br \/>\n3. Nella sezione Blocca Cookie specificare come Safari deve accettare i cookie dai siti internet.<br \/>\n4. Per visionare quali siti hanno immagazzinato i cookie cliccare su Dettagli<br \/>\nPer maggiori informazioni visita la pagina dedicata.<\/p>\n<p><strong>Safari iOS (dispositivi mobile)<\/strong><br \/>\n1. Eseguire il Browser Safari iOS<br \/>\n2. Tocca su Impostazioni e poi Safari 3. Tocca su Blocca Cookie e scegli tra le varie opzioni: \u201cMai\u201d, \u201cDi terze parti e inserzionisti\u201d o \u201cSempre\u201d<br \/>\n4. Per cancellare tutti i cookie immagazzinati da Safari, tocca su Impostazioni, poi su Safari e infine su Cancella Cookie e dati<br \/>\nPer maggiori informazioni visita la pagina dedicata.<\/p>\n<p><strong>Opera<\/strong><br \/>\n1. Eseguire il Browser Opera<br \/>\n2. Fare click sul Preferenze poi su Avanzate e infine su Cookie<br \/>\n3. Selezionare una delle seguenti opzioni:<br \/>\n\u2022 Accetta tutti i cookie<br \/>\n\u2022 Accetta i cookie solo dal sito che si visita: i cookie di terze parti e quelli che vengono inviati da un dominio diverso da quello che si sta visitando verranno rifiutati<br \/>\n\u2022 Non accettare mai i cookie: tutti i cookie non verranno mai salvati. Per maggiori informazioni visita la pagina dedicata.<\/p>\n","protected":false},"excerpt":{"rendered":"<p>Utilizziamo i cookie per rendere il nostro sito pi\u00f9 facile ed intuitivo. I dati raccolti grazie ai cookie servono per rendere l&#8217;esperienza di navigazione pi\u00f9 piacevole e pi\u00f9 efficiente in futuro. Cosa sono i cookie? I cookie sono piccoli file<\/p>\n","protected":false},"author":1,"featured_media":0,"parent":0,"menu_order":0,"comment_status":"closed","ping_status":"closed","template":"","meta":{"jetpack_post_was_ever_published":false,"footnotes":""},"class_list":["post-479","page","type-page","status-publish","hentry"],"jetpack_sharing_enabled":false,"jetpack_shortlink":"https:\/\/wp.me\/P6948l-7J","_links":{"self":[{"href":"https:\/\/circoloippicoacquasanta.it\/index.php?rest_route=\/wp\/v2\/pages\/479","targetHints":{"allow":["GET"]}}],"collection":[{"href":"https:\/\/circoloippicoacquasanta.it\/index.php?rest_route=\/wp\/v2\/pages"}],"about":[{"href":"https:\/\/circoloippicoacquasanta.it\/index.php?rest_route=\/wp\/v2\/types\/page"}],"author":[{"embeddable":true,"href":"https:\/\/circoloippicoacquasanta.it\/index.php?rest_route=\/wp\/v2\/users\/1"}],"replies":[{"embeddable":true,"href":"https:\/\/circoloippicoacquasanta.it\/index.php?rest_route=%2Fwp%2Fv2%2Fcomments&post=479"}],"version-history":[{"count":2,"href":"https:\/\/circoloippicoacquasanta.it\/index.php?rest_route=\/wp\/v2\/pages\/479\/revisions"}],"predecessor-version":[{"id":602,"href":"https:\/\/circoloippicoacquasanta.it\/index.php?rest_route=\/wp\/v2\/pages\/479\/revisions\/602"}],"wp:attachment":[{"href":"https:\/\/circoloippicoacquasanta.it\/index.php?rest_route=%2Fwp%2Fv2%2Fmedia&parent=479"}],"curies":[{"name":"wp","href":"https:\/\/api.w.org\/{rel}","templated":true}]}}