{"id":73,"date":"2015-04-15T21:39:17","date_gmt":"2015-04-15T19:39:17","guid":{"rendered":"http:\/\/circoloippicoacquasanta.altervista.org\/?page_id=73"},"modified":"2017-10-10T18:56:03","modified_gmt":"2017-10-10T16:56:03","slug":"scuola-pony","status":"publish","type":"page","link":"https:\/\/circoloippicoacquasanta.it\/?page_id=73","title":{"rendered":"Scuola Pony"},"content":{"rendered":"<p>Le lezioni, svolte dai nostri istruttori federali, prevedono una parte pratica e una teorica.<br \/>\nNella prima fase sono previste lezioni singole che hanno lo scopo di far familiarizzare il bambino con il pony anche attraverso attivit\u00e0 ludiche. Ottenuta una maggiore fiducia e conoscenza del pony, si passa alla seconda fase nella quale si affronta il lavoro di maneggio e, gradualmente, le tre andature: passo, trotto e galoppo.<br \/>\nLa terza fase, una volta acquisito un perfetto controllo del cavallo, prevede esercizi di salto a ostacoli: preparazione fondamentale per accedere all\u2019esame propedeutico all\u2019ottenimento del brevetto, necessario per partecipare, volendo, alle Gare di maggior livello.<br \/>\nIl Circolo offre la possibilit\u00e0 di effettuare una lezione di prova.<\/p>\n<p><a href=\"https:\/\/circoloippicoacquasanta.it\/wp-content\/uploads\/2015\/04\/scuola-pony-large.png\"><img fetchpriority=\"high\" decoding=\"async\" class=\"aligncenter size-large wp-image-123\" src=\"https:\/\/circoloippicoacquasanta.it\/wp-content\/uploads\/2015\/04\/scuola-pony-large-1024x423.png\" alt=\"scuola-pony-large\" width=\"720\" height=\"297\" srcset=\"https:\/\/circoloippicoacquasanta.it\/wp-content\/uploads\/2015\/04\/scuola-pony-large.png 1024w, https:\/\/circoloippicoacquasanta.it\/wp-content\/uploads\/2015\/04\/scuola-pony-large-300x124.png 300w\" sizes=\"(max-width: 720px) 100vw, 720px\" \/><\/a><\/p>\n<p>&nbsp;<\/p>\n<p>&nbsp;<\/p>\n<p>&nbsp;<\/p>\n","protected":false},"excerpt":{"rendered":"<p>Avvicinarsi all&#8217;equitazione in tener\u00e0 et\u00e0 rappresenta una straordinaria opportunit\u00e0 di formazione sportiva e caratteriale. La nostra scuola si avvale di istruttori attenti e scrupolosi e di pony adatti anche ai pi\u00f9 piccini<\/p>\n","protected":false},"author":1,"featured_media":126,"parent":0,"menu_order":0,"comment_status":"closed","ping_status":"closed","template":"","meta":{"jetpack_post_was_ever_published":false,"footnotes":""},"class_list":["post-73","page","type-page","status-publish","has-post-thumbnail","hentry"],"jetpack_sharing_enabled":true,"jetpack_shortlink":"https:\/\/wp.me\/P6948l-1b","_links":{"self":[{"href":"https:\/\/circoloippicoacquasanta.it\/index.php?rest_route=\/wp\/v2\/pages\/73","targetHints":{"allow":["GET"]}}],"collection":[{"href":"https:\/\/circoloippicoacquasanta.it\/index.php?rest_route=\/wp\/v2\/pages"}],"about":[{"href":"https:\/\/circoloippicoacquasanta.it\/index.php?rest_route=\/wp\/v2\/types\/page"}],"author":[{"embeddable":true,"href":"https:\/\/circoloippicoacquasanta.it\/index.php?rest_route=\/wp\/v2\/users\/1"}],"replies":[{"embeddable":true,"href":"https:\/\/circoloippicoacquasanta.it\/index.php?rest_route=%2Fwp%2Fv2%2Fcomments&post=73"}],"version-history":[{"count":1,"href":"https:\/\/circoloippicoacquasanta.it\/index.php?rest_route=\/wp\/v2\/pages\/73\/revisions"}],"predecessor-version":[{"id":682,"href":"https:\/\/circoloippicoacquasanta.it\/index.php?rest_route=\/wp\/v2\/pages\/73\/revisions\/682"}],"wp:featuredmedia":[{"embeddable":true,"href":"https:\/\/circoloippicoacquasanta.it\/index.php?rest_route=\/wp\/v2\/media\/126"}],"wp:attachment":[{"href":"https:\/\/circoloippicoacquasanta.it\/index.php?rest_route=%2Fwp%2Fv2%2Fmedia&parent=73"}],"curies":[{"name":"wp","href":"https:\/\/api.w.org\/{rel}","templated":true}]}}