{"id":75,"date":"2015-04-15T21:39:40","date_gmt":"2015-04-15T19:39:40","guid":{"rendered":"http:\/\/circoloippicoacquasanta.altervista.org\/?page_id=75"},"modified":"2016-05-12T11:44:17","modified_gmt":"2016-05-12T09:44:17","slug":"sport-equestri","status":"publish","type":"page","link":"https:\/\/circoloippicoacquasanta.it\/?page_id=75","title":{"rendered":"Sport Equestri"},"content":{"rendered":"<p>La nostra scuola di equitazione, tra le pi\u00f9 prestigiose del circuito FISE, offre agli allievi la possibilit\u00e0 di intraprendere l&#8217;attivit\u00e0 agonistica e di conseguire i vari livelli di brevetto.<\/p>\n<div id='gallery-1' class='gallery galleryid-75 gallery-columns-3 gallery-size-medium'><figure class='gallery-item'>\n\t\t\t<div class='gallery-icon landscape'>\n\t\t\t\t<img decoding=\"async\" width=\"300\" height=\"163\" src=\"https:\/\/circoloippicoacquasanta.it\/wp-content\/uploads\/2015\/04\/Schermata-2015-04-23-alle-15.15.31-300x163.png\" class=\"attachment-medium size-medium\" alt=\"\" srcset=\"https:\/\/circoloippicoacquasanta.it\/wp-content\/uploads\/2015\/04\/Schermata-2015-04-23-alle-15.15.31-300x163.png 300w, https:\/\/circoloippicoacquasanta.it\/wp-content\/uploads\/2015\/04\/Schermata-2015-04-23-alle-15.15.31-1024x556.png 1024w, https:\/\/circoloippicoacquasanta.it\/wp-content\/uploads\/2015\/04\/Schermata-2015-04-23-alle-15.15.31.png 1389w\" sizes=\"(max-width: 300px) 100vw, 300px\" \/>\n\t\t\t<\/div><\/figure><figure class='gallery-item'>\n\t\t\t<div class='gallery-icon landscape'>\n\t\t\t\t<img decoding=\"async\" width=\"300\" height=\"161\" src=\"https:\/\/circoloippicoacquasanta.it\/wp-content\/uploads\/2015\/04\/Schermata-2015-04-23-alle-15.14.54-300x161.png\" class=\"attachment-medium size-medium\" alt=\"\" srcset=\"https:\/\/circoloippicoacquasanta.it\/wp-content\/uploads\/2015\/04\/Schermata-2015-04-23-alle-15.14.54-300x161.png 300w, https:\/\/circoloippicoacquasanta.it\/wp-content\/uploads\/2015\/04\/Schermata-2015-04-23-alle-15.14.54-1024x548.png 1024w, https:\/\/circoloippicoacquasanta.it\/wp-content\/uploads\/2015\/04\/Schermata-2015-04-23-alle-15.14.54.png 1423w\" sizes=\"(max-width: 300px) 100vw, 300px\" \/>\n\t\t\t<\/div><\/figure><figure class='gallery-item'>\n\t\t\t<div class='gallery-icon portrait'>\n\t\t\t\t<img fetchpriority=\"high\" decoding=\"async\" width=\"247\" height=\"300\" src=\"https:\/\/circoloippicoacquasanta.it\/wp-content\/uploads\/2015\/04\/1234790_1109521935745317_6654493478271294529_n-247x300.jpg\" class=\"attachment-medium size-medium\" alt=\"\" srcset=\"https:\/\/circoloippicoacquasanta.it\/wp-content\/uploads\/2015\/04\/1234790_1109521935745317_6654493478271294529_n-247x300.jpg 247w, https:\/\/circoloippicoacquasanta.it\/wp-content\/uploads\/2015\/04\/1234790_1109521935745317_6654493478271294529_n.jpg 601w\" sizes=\"(max-width: 247px) 100vw, 247px\" \/>\n\t\t\t<\/div><\/figure>\n\t\t<\/div>\n\n<p>La nostra squadra agonistica si prepara alle gare con istruttori\u00a0di alto livello e solida esperienza, e vanta ottimi risultati tanto nella disciplina del Salto Ostacoli quanto in quella del Dressage.<\/p>\n<p><strong>Un nostro allievo in gara<\/strong><br \/>\n<iframe width=\"735\" height=\"413\" src=\"https:\/\/www.youtube.com\/embed\/f4eb3I9FKvU?rel=0&amp;controls=0&amp;showinfo=0\" frameborder=\"0\" allowfullscreen><\/iframe><\/p>\n","protected":false},"excerpt":{"rendered":"<p>La tensione delle gare e la gioia delle vittorie. La nostra squadra agonistica ottiene da anni, nelle specialit\u00e0 Salto Ostacoli e Dressage, ottimi risultati ed \u00e8 composta da molte giovani promesse dell&#8217;equitazione <\/p>\n","protected":false},"author":1,"featured_media":276,"parent":0,"menu_order":0,"comment_status":"closed","ping_status":"closed","template":"","meta":{"jetpack_post_was_ever_published":false,"footnotes":""},"class_list":["post-75","page","type-page","status-publish","has-post-thumbnail","hentry"],"jetpack_sharing_enabled":false,"jetpack_shortlink":"https:\/\/wp.me\/P6948l-1d","_links":{"self":[{"href":"https:\/\/circoloippicoacquasanta.it\/index.php?rest_route=\/wp\/v2\/pages\/75","targetHints":{"allow":["GET"]}}],"collection":[{"href":"https:\/\/circoloippicoacquasanta.it\/index.php?rest_route=\/wp\/v2\/pages"}],"about":[{"href":"https:\/\/circoloippicoacquasanta.it\/index.php?rest_route=\/wp\/v2\/types\/page"}],"author":[{"embeddable":true,"href":"https:\/\/circoloippicoacquasanta.it\/index.php?rest_route=\/wp\/v2\/users\/1"}],"replies":[{"embeddable":true,"href":"https:\/\/circoloippicoacquasanta.it\/index.php?rest_route=%2Fwp%2Fv2%2Fcomments&post=75"}],"version-history":[{"count":5,"href":"https:\/\/circoloippicoacquasanta.it\/index.php?rest_route=\/wp\/v2\/pages\/75\/revisions"}],"predecessor-version":[{"id":654,"href":"https:\/\/circoloippicoacquasanta.it\/index.php?rest_route=\/wp\/v2\/pages\/75\/revisions\/654"}],"wp:featuredmedia":[{"embeddable":true,"href":"https:\/\/circoloippicoacquasanta.it\/index.php?rest_route=\/wp\/v2\/media\/276"}],"wp:attachment":[{"href":"https:\/\/circoloippicoacquasanta.it\/index.php?rest_route=%2Fwp%2Fv2%2Fmedia&parent=75"}],"curies":[{"name":"wp","href":"https:\/\/api.w.org\/{rel}","templated":true}]}}